{"id":1013,"date":"2024-02-18T22:36:57","date_gmt":"2024-02-18T20:36:57","guid":{"rendered":"https:\/\/charli-salon.hr\/?page_id=1013"},"modified":"2024-02-18T22:48:03","modified_gmt":"2024-02-18T20:48:03","slug":"1013-2","status":"publish","type":"page","link":"https:\/\/charli-salon.hr\/","title":{"rendered":""},"content":{"rendered":"\t\t<div data-elementor-type=\"wp-page\" data-elementor-id=\"1013\" class=\"elementor elementor-1013\">\n\t\t\t\t\t\t<section class=\"elementor-section elementor-top-section elementor-element elementor-element-98ffcad elementor-section-boxed elementor-section-height-default elementor-section-height-default\" data-id=\"98ffcad\" data-element_type=\"section\" data-e-type=\"section\">\n\t\t\t\t\t\t<div class=\"elementor-container elementor-column-gap-default\">\n\t\t\t\t\t<div class=\"elementor-column elementor-col-100 elementor-top-column elementor-element elementor-element-b19fb83\" data-id=\"b19fb83\" data-element_type=\"column\" data-e-type=\"column\">\n\t\t\t<div class=\"elementor-widget-wrap elementor-element-populated\">\n\t\t\t\t\t\t<div class=\"elementor-element elementor-element-1a984df elementor-widget elementor-widget-text-editor\" data-id=\"1a984df\" data-element_type=\"widget\" data-e-type=\"widget\" data-widget_type=\"text-editor.default\">\n\t\t\t\t<div class=\"elementor-widget-container\">\n\t\t\t\t\t\t\t\t\t<h1>PO\u010cETNA<\/h1><div data-elementor-type=\"wp-page\" data-elementor-id=\"549\" class=\"elementor elementor-549\"><section class=\"elementor-section elementor-top-section elementor-element elementor-element-41929e47 elementor-section-boxed elementor-section-height-default elementor-section-height-default\" data-id=\"41929e47\" data-element_type=\"section\" style=\"font-size: 17px; flex-basis: var(--flex-basis); flex-grow: var(--flex-grow); flex-shrink: var(--flex-shrink); order: var(--order); align-self: var(--align-self); --swiper-theme-color: #000; --swiper-navigation-size: 44px; --swiper-pagination-bullet-size: 6px; --swiper-pagination-bullet-horizontal-gap: 6px; --widgets-spacing: 20px 20px;\"><div class=\"elementor-container elementor-column-gap-default\"><div class=\"elementor-column elementor-col-100 elementor-top-column elementor-element elementor-element-64460623\" data-id=\"64460623\" data-element_type=\"column\" style=\"flex-basis: var(--flex-basis); flex-grow: var(--flex-grow); flex-shrink: var(--flex-shrink); order: var(--order); align-self: var(--align-self); --swiper-theme-color: #000; --swiper-navigation-size: 44px; --swiper-pagination-bullet-size: 6px; --swiper-pagination-bullet-horizontal-gap: 6px; --widgets-spacing: 20px 20px; width: 750px;\"><div class=\"elementor-widget-wrap elementor-element-populated\" style=\"width: 750px;\"><div class=\"elementor-element elementor-element-2d685362 elementor-widget elementor-widget-text-editor\" data-id=\"2d685362\" data-element_type=\"widget\" data-widget_type=\"text-editor.default\" style=\"font-family: var( --e-global-typography-text-font-family ), Sans-serif; flex-basis: var(--flex-basis); flex-grow: var(--flex-grow); flex-shrink: var(--flex-shrink); order: var(--order); align-self: var(--align-self); flex-direction: var(--flex-direction); flex-wrap: var(--flex-wrap); justify-content: var(--justify-content); align-items: var(--align-items); align-content: var(--align-content); gap: var(--gap); --swiper-theme-color: #000; --swiper-navigation-size: 44px; --swiper-pagination-bullet-size: 6px; --swiper-pagination-bullet-horizontal-gap: 6px; --widgets-spacing: 20px 20px; font-weight: var( --e-global-typography-text-font-weight ); width: 730px; text-align: justify; text-shadow: rgba(0, 0, 0, 0.3) 0px 0px 0px;\"><div class=\"elementor-widget-container\" style=\"transition: background .3s,border .3s,border-radius .3s,box-shadow .3s,transform var(--e-transform-transition-duration,.4s);\"><h4>Dobrodo\u0161li na stranice na\u0161eg malog Salona za \u0161i\u0161anje i njegu pasa Charli<\/h4><h6>Za\u0161to&nbsp;<strong style=\"font-size: 12px;\">CHARLI<\/strong>?<\/h6><p>Cijeli na\u0161 \u017eivot zavla\u010dile su se mnoge \u017eivotinjice: ribice, hr\u010dci, ma\u010dkice pa i psi\u0107i ali od kada je do\u0161ao u na\u0161 mali dom yorki-terijer Charli shvatili smo zaista \u0161to zna\u010di imati malog ali istinskog prijatelja, osim \u0161to je pas veliki je dio nas \u2026 kod nas vrijedi bilo kuda CHARLI s nama svuda! Eto iz te na\u0161e kratke pri\u010dice dolazi to ime,koje je na\u0161oj obitelji doprinjelo pravo zna\u010denje ljubavi i poklanjanja pa\u017enje.<\/p><\/div><\/div><\/div><\/div><\/div><\/section><\/div>\t\t\t\t\t\t\t\t<\/div>\n\t\t\t\t<\/div>\n\t\t\t\t\t<\/div>\n\t\t<\/div>\n\t\t\t\t\t<\/div>\n\t\t<\/section>\n\t\t\t\t<section class=\"elementor-section elementor-top-section elementor-element elementor-element-f14475f elementor-section-boxed elementor-section-height-default elementor-section-height-default\" data-id=\"f14475f\" data-element_type=\"section\" data-e-type=\"section\">\n\t\t\t\t\t\t<div class=\"elementor-container elementor-column-gap-default\">\n\t\t\t\t\t<div class=\"elementor-column elementor-col-100 elementor-top-column elementor-element elementor-element-b2932ea\" data-id=\"b2932ea\" data-element_type=\"column\" data-e-type=\"column\">\n\t\t\t<div class=\"elementor-widget-wrap elementor-element-populated\">\n\t\t\t\t\t\t<div class=\"elementor-element elementor-element-6be8385 elementor-widget elementor-widget-image\" data-id=\"6be8385\" data-element_type=\"widget\" data-e-type=\"widget\" data-widget_type=\"image.default\">\n\t\t\t\t<div class=\"elementor-widget-container\">\n\t\t\t\t\t\t\t\t\t\t\t\t\t\t\t<img fetchpriority=\"high\" decoding=\"async\" width=\"750\" height=\"794\" src=\"http:\/\/charli-salon.hr\/wp-content\/uploads\/2024\/02\/ch_2024.jpg\" class=\"attachment-large size-large wp-image-1004\" alt=\"\" srcset=\"http:\/\/charli-salon.hr\/wp-content\/uploads\/2024\/02\/ch_2024.jpg 768w, http:\/\/charli-salon.hr\/wp-content\/uploads\/2024\/02\/ch_2024-283x300.jpg 283w\" sizes=\"(max-width: 750px) 100vw, 750px\" \/>\t\t\t\t\t\t\t\t\t\t\t\t\t\t\t<\/div>\n\t\t\t\t<\/div>\n\t\t\t\t\t<\/div>\n\t\t<\/div>\n\t\t\t\t\t<\/div>\n\t\t<\/section>\n\t\t\t\t<\/div>\n\t\t","protected":false},"excerpt":{"rendered":"<p>Dobrodo\u0161li na stranice na\u0161eg malog Salona za \u0161i\u0161anje i njegu pasa Charli Za\u0161to&nbsp;CHARLI? Cijeli na\u0161 \u017eivot zavla\u010dile su se mnoge \u017eivotinjice: ribice, hr\u010dci, ma\u010dkice pa i psi\u0107i ali od kada je do\u0161ao u na\u0161 mali dom yorki-terijer Charli shvatili smo zaista \u0161to zna\u010di imati malog ali istinskog prijatelja, osim \u0161to je pas veliki je dio [&hellip;]<\/p>\n","protected":false},"author":1,"featured_media":0,"parent":0,"menu_order":0,"comment_status":"closed","ping_status":"closed","template":"","meta":{"ngg_post_thumbnail":0,"footnotes":""},"class_list":["post-1013","page","type-page","status-publish","hentry"],"_links":{"self":[{"href":"https:\/\/charli-salon.hr\/index.php?rest_route=\/wp\/v2\/pages\/1013","targetHints":{"allow":["GET"]}}],"collection":[{"href":"https:\/\/charli-salon.hr\/index.php?rest_route=\/wp\/v2\/pages"}],"about":[{"href":"https:\/\/charli-salon.hr\/index.php?rest_route=\/wp\/v2\/types\/page"}],"author":[{"embeddable":true,"href":"https:\/\/charli-salon.hr\/index.php?rest_route=\/wp\/v2\/users\/1"}],"replies":[{"embeddable":true,"href":"https:\/\/charli-salon.hr\/index.php?rest_route=%2Fwp%2Fv2%2Fcomments&post=1013"}],"version-history":[{"count":11,"href":"https:\/\/charli-salon.hr\/index.php?rest_route=\/wp\/v2\/pages\/1013\/revisions"}],"predecessor-version":[{"id":1027,"href":"https:\/\/charli-salon.hr\/index.php?rest_route=\/wp\/v2\/pages\/1013\/revisions\/1027"}],"wp:attachment":[{"href":"https:\/\/charli-salon.hr\/index.php?rest_route=%2Fwp%2Fv2%2Fmedia&parent=1013"}],"curies":[{"name":"wp","href":"https:\/\/api.w.org\/{rel}","templated":true}]}}