{"id":121,"date":"2012-08-29T06:30:53","date_gmt":"2012-08-29T06:30:53","guid":{"rendered":"http:\/\/charli-salon.hr\/?page_id=121"},"modified":"2012-09-06T12:49:59","modified_gmt":"2012-09-06T12:49:59","slug":"o-nama","status":"publish","type":"page","link":"https:\/\/charli-salon.hr\/?page_id=121","title":{"rendered":"O NAMA"},"content":{"rendered":"<h4>Dobrodo\u0161li na stranice na\u0161eg malog Salona za \u0161i\u0161anje i njegu pasa Charli !<\/h4>\n<h6>Za\u0161to <strong>CHARLI<\/strong>?<\/h6>\n<p>Cijeli na\u0161 \u017eivot zavla\u010dile su se mnoge \u017eivotinjice,ribiice,hr\u010dci .ma\u010dkice pa I psi\u0107i ali od kada je do\u0161ao u na\u0161 mali dom, yorki-terijer Charli shvatili smo zaista \u0161to zna\u010di imati malog ali istinskog prijatelja,osim \u0161to je pas veliki je dio nas\u2026\u2026.. kod nas vrijedi bilo kuda CHARLI s nama svuda! Eto iz te na\u0161e kratke pri\u010dice dolazi to ime,koje je na\u0161oj obitelji doprinjelo pravo zna\u010denje ljubavi i poklanjanja pa\u017enje.<\/p>\n<h6>\u0160to <strong>nudimo<\/strong>?<\/h6>\n<p>Da ne duljimo, sve \u0161to bi si mogao va\u0161 ljubimac zamisliti..mi bi rekli zaista I to je mogu\u0107e! \u017delimo pru\u017eiti va\u0161em ljubimcu zaista pas tretman.<\/p>\n<ul>\n<li><strong>Kupanje<\/strong> &#8211; u finim \u0161amponima i regeneratorima svakako samo\u00a0profesionalnom\u00a0kozmetikom,<\/li>\n<li><strong>\u0160i\u0161anje<\/strong> &#8211; profi-alatom, kod nas ne postoje rije\u010di neukrotiva ili neposlu\u0161na dlaka frizura postoji za svakoga psa\u2026 Da ne pri\u010damo o <strong>zapetljanosti<\/strong> dlake za sve postoji rje\u0161enje. Svaka Va\u0161a \u017eelja bit \u010de ostvariva u to budite sigurni!<\/li>\n<li><strong>Pedikura &#8211;<\/strong> ponosni izlazak va\u0161eg psa iz na\u0161eg malog raja\u00a0otkriti \u0107e Vam da je\u00a0svaka\u00a0i pedikura na nje\u017enim \u0161apicama bila sjajna a osmjeh\u00a0nju\u0161kice\u00a0otkriti \u0107e vam blistave zubi\u0107e s kojih smo i kamenac skinuli jer na\u0161i ljubimci zaslu\u017euju najbolje!!!!!!! Sada Va\u0161 psi\u0107 mo\u017ee ku\u0107i visoko\u00a0uzdignutog\u00a0repa, analne \u017eljezde smo o\u010distili i to je sve \u0161to na\u0161em psu treba!<\/li>\n<\/ul>\n<h6><\/h6>\n<h6><strong style=\"text-align: center;\"><br \/>\n<img fetchpriority=\"high\" decoding=\"async\" class=\"size-full wp-image-375 alignleft\" title=\"Taksi Charlie\" src=\"http:\/\/charli-salon.hr\/wp-content\/uploads\/2012\/08\/Taksi-Charlie.png\" alt=\"\" width=\"330\" height=\"253\" srcset=\"https:\/\/charli-salon.hr\/wp-content\/uploads\/2012\/08\/Taksi-Charlie.png 330w, https:\/\/charli-salon.hr\/wp-content\/uploads\/2012\/08\/Taksi-Charlie-300x230.png 300w\" sizes=\"(max-width: 330px) 100vw, 330px\" \/>Mo\u017eemo Vam ponuditi i jedinstvenu uslugu!<\/strong><\/h6>\n<p><strong style=\"text-align: center;\"><\/strong><span style=\"text-align: center;\">Pozivom na br.telefona 098\/ 730-874\u00a0dolazimo po Va\u0161eg ljubimca i po zavr\u0161etku tretmana vra\u0107amo ga ure\u0111enog na Va\u0161u adresu.<\/span><\/p>\n<p><span style=\"text-align: center;\">Ova usluga pru\u017ea Vam komfor i onda kada niste u mogu\u0107nosti osobno dovesti Va\u0161eg ljubimca na ure\u0111ivanje.<\/span><\/p>\n<h6><\/h6>\n<p>&nbsp;<\/p>\n<p><img decoding=\"async\" class=\" wp-image-137 alignright\" title=\"Mutz\" src=\"http:\/\/charli-salon.hr\/wp-content\/uploads\/2012\/08\/Mutz.png\" alt=\"\" width=\"330\" height=\"253\" \/><\/p>\n<h6><strong>\u0160i\u0161amo i ure\u0111ujemo sve pasmine, velike i male.<\/strong><\/h6>\n<p>Svog ljubimca mo\u017eete predati u iskusne ruke, sa vi\u0161egodi\u0161njim iskustvom u \u0161i\u0161anju i njezi pasa;<\/p>\n<ul>\n<li><em>dugodlaki<\/em><\/li>\n<li><em>kratkodlaki<\/em><\/li>\n<li><em>rudlavi<\/em><\/li>\n<li><em>\u010dupavi<\/em><\/li>\n<li><em>oni bez frizure, a \u017eele izgledati bolje<\/em><\/li>\n<li><em>i naravno oni koji uvijek \u017eele biti u trendu \ud83d\ude42<\/em><\/li>\n<\/ul>\n","protected":false},"excerpt":{"rendered":"<p>Dobrodo\u0161li na stranice na\u0161eg malog Salona za \u0161i\u0161anje i njegu pasa Charli ! Za\u0161to CHARLI? Cijeli na\u0161 \u017eivot zavla\u010dile su se mnoge \u017eivotinjice,ribiice,hr\u010dci .ma\u010dkice pa I psi\u0107i ali od kada je do\u0161ao u na\u0161 mali dom, yorki-terijer Charli shvatili smo zaista \u0161to zna\u010di imati malog ali istinskog prijatelja,osim \u0161to je pas veliki je dio nas\u2026\u2026.. [&hellip;]<\/p>\n","protected":false},"author":1,"featured_media":0,"parent":0,"menu_order":0,"comment_status":"closed","ping_status":"open","template":"","meta":{"ngg_post_thumbnail":0,"footnotes":""},"class_list":["post-121","page","type-page","status-publish","hentry"],"_links":{"self":[{"href":"https:\/\/charli-salon.hr\/index.php?rest_route=\/wp\/v2\/pages\/121","targetHints":{"allow":["GET"]}}],"collection":[{"href":"https:\/\/charli-salon.hr\/index.php?rest_route=\/wp\/v2\/pages"}],"about":[{"href":"https:\/\/charli-salon.hr\/index.php?rest_route=\/wp\/v2\/types\/page"}],"author":[{"embeddable":true,"href":"https:\/\/charli-salon.hr\/index.php?rest_route=\/wp\/v2\/users\/1"}],"replies":[{"embeddable":true,"href":"https:\/\/charli-salon.hr\/index.php?rest_route=%2Fwp%2Fv2%2Fcomments&post=121"}],"version-history":[{"count":0,"href":"https:\/\/charli-salon.hr\/index.php?rest_route=\/wp\/v2\/pages\/121\/revisions"}],"wp:attachment":[{"href":"https:\/\/charli-salon.hr\/index.php?rest_route=%2Fwp%2Fv2%2Fmedia&parent=121"}],"curies":[{"name":"wp","href":"https:\/\/api.w.org\/{rel}","templated":true}]}}