{"id":507,"date":"2015-10-06T09:26:37","date_gmt":"2015-10-06T09:26:37","guid":{"rendered":"http:\/\/charli-salon.hr\/?page_id=507"},"modified":"2025-02-26T22:44:35","modified_gmt":"2025-02-26T20:44:35","slug":"tecaj","status":"publish","type":"page","link":"https:\/\/charli-salon.hr\/?page_id=507","title":{"rendered":"TE\u010cAJ"},"content":{"rendered":"\t\t<div data-elementor-type=\"wp-page\" data-elementor-id=\"507\" class=\"elementor elementor-507\">\n\t\t\t\t\t\t<section class=\"elementor-section elementor-top-section elementor-element elementor-element-141d9053 elementor-section-boxed elementor-section-height-default elementor-section-height-default\" data-id=\"141d9053\" data-element_type=\"section\" data-e-type=\"section\">\n\t\t\t\t\t\t<div class=\"elementor-container elementor-column-gap-default\">\n\t\t\t\t\t<div class=\"elementor-column elementor-col-100 elementor-top-column elementor-element elementor-element-6c178f37\" data-id=\"6c178f37\" data-element_type=\"column\" data-e-type=\"column\">\n\t\t\t<div class=\"elementor-widget-wrap elementor-element-populated\">\n\t\t\t\t\t\t<div class=\"elementor-element elementor-element-4848e0e0 elementor-widget elementor-widget-text-editor\" data-id=\"4848e0e0\" data-element_type=\"widget\" data-e-type=\"widget\" data-widget_type=\"text-editor.default\">\n\t\t\t\t<div class=\"elementor-widget-container\">\n\t\t\t\t\t\t\t\t\t<p>Te\u010daj \u0161i\u0161anja i ure\u0111ivanja pasa u salonima Charli se odvija po \u017eelji polaznika na 2 lokacije:<br>1) isto\u010dni dio grada &#8211; Zapru\u0111e<br>2) zapadni dio grada &#8211; Oranice<\/p>\n<p>Te\u010daj je individualan i prilago\u0111en polazniku za ure\u0111ivanje vlastitog psa ili osposobavljanje za samostalni rad u vlastitom salonu. Te\u010daj se sastoji od teorijskog i prakti\u010dnog dijela. Savjetujemo i poma\u017eemo oko otvaranja obrta, savjetujemo gdje i \u0161to nabaviti od profi opreme. Vrlo je va\u017eno \u0161to na\u0161a edukacija nema ograni\u010dene sate , \u0161to vam garantira da sigurno i vrhunsko nau\u010dite sve tehnike \u0161i\u0161anja.<\/p>\n<p>Cijena te\u010daja u trajanju 1 tjedan je 650\u20ac, u trajanju 2 tjedna 1050\u20ac.<\/p>\n<p>Obratite nam se sa punim povjerenjem.<\/p>\t\t\t\t\t\t\t\t<\/div>\n\t\t\t\t<\/div>\n\t\t\t\t\t<\/div>\n\t\t<\/div>\n\t\t\t\t\t<\/div>\n\t\t<\/section>\n\t\t\t\t<\/div>\n\t\t","protected":false},"excerpt":{"rendered":"<p>Te\u010daj \u0161i\u0161anja i ure\u0111ivanja pasa u salonima Charli se odvija po \u017eelji polaznika na 2 lokacije:1) isto\u010dni dio grada &#8211; Zapru\u0111e2) zapadni dio grada &#8211; Oranice Te\u010daj je individualan i prilago\u0111en polazniku za ure\u0111ivanje vlastitog psa ili osposobavljanje za samostalni rad u vlastitom salonu. Te\u010daj se sastoji od teorijskog i prakti\u010dnog dijela. Savjetujemo i poma\u017eemo [&hellip;]<\/p>\n","protected":false},"author":1,"featured_media":0,"parent":0,"menu_order":0,"comment_status":"closed","ping_status":"closed","template":"","meta":{"ngg_post_thumbnail":0,"footnotes":""},"class_list":["post-507","page","type-page","status-publish","hentry"],"_links":{"self":[{"href":"https:\/\/charli-salon.hr\/index.php?rest_route=\/wp\/v2\/pages\/507","targetHints":{"allow":["GET"]}}],"collection":[{"href":"https:\/\/charli-salon.hr\/index.php?rest_route=\/wp\/v2\/pages"}],"about":[{"href":"https:\/\/charli-salon.hr\/index.php?rest_route=\/wp\/v2\/types\/page"}],"author":[{"embeddable":true,"href":"https:\/\/charli-salon.hr\/index.php?rest_route=\/wp\/v2\/users\/1"}],"replies":[{"embeddable":true,"href":"https:\/\/charli-salon.hr\/index.php?rest_route=%2Fwp%2Fv2%2Fcomments&post=507"}],"version-history":[{"count":3,"href":"https:\/\/charli-salon.hr\/index.php?rest_route=\/wp\/v2\/pages\/507\/revisions"}],"predecessor-version":[{"id":1031,"href":"https:\/\/charli-salon.hr\/index.php?rest_route=\/wp\/v2\/pages\/507\/revisions\/1031"}],"wp:attachment":[{"href":"https:\/\/charli-salon.hr\/index.php?rest_route=%2Fwp%2Fv2%2Fmedia&parent=507"}],"curies":[{"name":"wp","href":"https:\/\/api.w.org\/{rel}","templated":true}]}}